{"id":15340,"date":"2015-04-27T09:12:26","date_gmt":"2015-04-27T09:12:26","guid":{"rendered":"http:\/\/demo.qodeinteractive.com\/bridge80\/?page_id=15340"},"modified":"2016-12-29T11:13:12","modified_gmt":"2016-12-29T11:13:12","slug":"presentation","status":"publish","type":"page","link":"http:\/\/erepcosarl.com\/en_US\/presentation\/","title":{"rendered":"Presentation"},"content":{"rendered":"<p>[vc_row row_type=&#8221;row&#8221; use_row_as_full_screen_section=&#8221;no&#8221; type=&#8221;grid&#8221; angled_section=&#8221;no&#8221; text_align=&#8221;left&#8221; background_image_as_pattern=&#8221;without_pattern&#8221; padding_top=&#8221;30&#8243; padding_bottom=&#8221;60&#8243; css_animation=&#8221;&#8221; css=&#8221;.vc_custom_1475672698052{margin-top: -20px !important;}&#8221;][vc_column offset=&#8221;vc_col-xs-12&#8243;][vc_column_text css=&#8221;.vc_custom_1482392298388{margin-top: -40px !important;}&#8221;]<\/p>\n<h2 style=\"text-align: center;\"><span class=\"style7\"><strong>A SPECIALIST IN THE FIELDS OF ELECTRICAL ENGINEERING AND ENERGY,<\/strong><\/span><\/h2>\n<p>&nbsp;<\/p>\n<p style=\"text-align: justify;\">Specialist in the fields of electrical engineering and energy, EREPCO SARL partners with its industrial, tertiary and community customers to design and realize their installations. EREPCO relies on a dynamic team of experienced engineers and technicians to develop and implement high-performance solutions that meet the current and future challenges of each of its clients, whether local or international. EREPCO is a major player in the following areas:<\/p>\n<ul>\n<li>MT \/ BT RANGE EQUIPMENT<\/li>\n<li>INDUSTRIAL EQUIPMENT<\/li>\n<li>RENEWABLE ENERGY<\/li>\n<\/ul>\n<p>[\/vc_column_text][\/vc_column][\/vc_row][vc_row row_type=&#8221;row&#8221; use_row_as_full_screen_section=&#8221;no&#8221; type=&#8221;full_width&#8221; angled_section=&#8221;no&#8221; text_align=&#8221;left&#8221; background_image_as_pattern=&#8221;without_pattern&#8221; css_animation=&#8221;&#8221; css=&#8221;.vc_custom_1475061393748{padding-bottom: 20px !important;}&#8221;][vc_column width=&#8221;1\/2&#8243;][vc_single_image image=&#8221;15523&#8243; img_size=&#8221;full&#8221; qode_css_animation=&#8221;&#8221;][vc_row_inner row_type=&#8221;row&#8221; type=&#8221;full_width&#8221; text_align=&#8221;left&#8221; css_animation=&#8221;&#8221; css=&#8221;.vc_custom_1483009988879{padding-top: 20px !important;}&#8221;][vc_column_inner][vc_column_text css=&#8221;.vc_custom_1483009918460{padding-top: 30px !important;padding-bottom: 30px !important;}&#8221;]<\/p>\n<h3 style=\"text-align: center;\">OUR PRINCIPAL CLIENTS<\/h3>\n<p>[\/vc_column_text][\/vc_column_inner][\/vc_row_inner]<div class='qode_carousels_holder clearfix'><div class='qode_carousels'><ul class='slides'><li class='item'><div class=\"carousel_item_holder\"><span class='first_image_holder '><img src=\"http:\/\/erepcosarl.com\/wp-content\/uploads\/2015\/04\/layout_1_26.png\" alt=\"carousel image\" \/><\/span><\/div><\/li><li class='item'><div class=\"carousel_item_holder\"><a href='#' target='_self'><span class='first_image_holder '><img src=\"http:\/\/erepcosarl.com\/wp-content\/uploads\/2015\/04\/layout_1_20.png\" alt=\"carousel image\" \/><\/span><\/a><\/div><\/li><li class='item'><div class=\"carousel_item_holder\"><a href='#' target='_self'><span class='first_image_holder '><img src=\"http:\/\/erepcosarl.com\/wp-content\/uploads\/2015\/04\/layout_1_24.png\" alt=\"carousel image\" \/><\/span><\/a><\/div><\/li><li class='item'><div class=\"carousel_item_holder\"><a href='#' target='_self'><span class='first_image_holder '><img src=\"http:\/\/erepcosarl.com\/wp-content\/uploads\/2015\/04\/layout_1_22.png\" alt=\"carousel image\" \/><\/span><\/a><\/div><\/li><li class='item'><div class=\"carousel_item_holder\"><span class='first_image_holder '><img src=\"http:\/\/erepcosarl.com\/wp-content\/uploads\/2016\/09\/logo_006.jpg\" alt=\"carousel image\" \/><\/span><\/div><\/li><li class='item'><div class=\"carousel_item_holder\"><span class='first_image_holder '><img src=\"http:\/\/erepcosarl.com\/wp-content\/uploads\/2016\/09\/logo_005.jpg\" alt=\"carousel image\" \/><\/span><\/div><\/li><li class='item'><div class=\"carousel_item_holder\"><span class='first_image_holder '><img src=\"http:\/\/erepcosarl.com\/wp-content\/uploads\/2016\/09\/logo_003.jpg\" alt=\"carousel image\" \/><\/span><\/div><\/li><\/ul><\/div><\/div>[\/vc_column][vc_column width=&#8221;1\/2&#8243;][vc_column_text]<\/p>\n<h3><strong>EREPCO ALSO OFFERS ITS CUSTOMERS TURNKEY SOLUTIONS <\/strong><\/h3>\n<p>&nbsp;<\/p>\n<p><strong>Automation: <\/strong>PLC programming, industrial computer, supervision, technical management of production<\/p>\n<p><strong>Strong currents:<\/strong><\/p>\n<ul>\n<li>Electrical distribution<\/li>\n<li>HV and LVT<\/li>\n<li>Tables, cabinets and electrical boxes<\/li>\n<li>Equipment distribution systems<\/li>\n<li>lighting<\/li>\n<li>heating<\/li>\n<li>Stand-alone production and power supply Uninterruptible power supply (UPS)<\/li>\n<li>Generator<\/li>\n<li>Static or dynamic inverters<\/li>\n<li>Clean Energy Production<\/li>\n<li>Supervision, management, remote control<\/li>\n<li>Optimization of electrical distribution<\/li>\n<li>Main elements concerning digital networks and the<\/li>\n<li>Architecture, Neutral regime, Protection plan, measurement (Measurement, Protection and supervision of networks)<\/li>\n<\/ul>\n<p>[\/vc_column_text][\/vc_column][\/vc_row][vc_row row_type=&#8221;row&#8221; use_row_as_full_screen_section=&#8221;no&#8221; type=&#8221;full_width&#8221; angled_section=&#8221;no&#8221; text_align=&#8221;left&#8221; background_image_as_pattern=&#8221;without_pattern&#8221; css_animation=&#8221;&#8221; css=&#8221;.vc_custom_1475062312771{padding-top: 20px !important;padding-bottom: 50px !important;}&#8221;][vc_column][vc_separator type=&#8221;normal&#8221;][vc_row_inner row_type=&#8221;row&#8221; type=&#8221;full_width&#8221; text_align=&#8221;left&#8221; css_animation=&#8221;&#8221;][vc_column_inner width=&#8221;1\/2&#8243;][vc_column_text]<\/p>\n<h3>CURRENT LOW<\/h3>\n<p><strong>Communication between people &#8211;<\/strong> telephony, computer network, public address, intercom, video distribution, broadband, fiber optic network<br \/>\n<strong>security of property and person-<\/strong> CCTV, fire detection, control and access management, intrusion detection, nurse call<br \/>\n<strong>sign &#8211; <\/strong>Time Distribution Dynamic Display<\/p>\n<p>&nbsp;<\/p>\n<h3>ENERGY AUDITS AND CONSULTING<\/h3>\n<p>Heads of establishments receiving from the public, Heads of premises receiving workers, Insurers, Electricity users<\/p>\n<ul>\n<li>Power Budget<\/li>\n<li>Electrical Measurement<\/li>\n<li>Finding anomalies<\/li>\n<li>Concrete recommendations for full compliance<\/li>\n<li>Schemes and Achievements<\/li>\n<li>Energy saving measures<\/li>\n<\/ul>\n<p>[\/vc_column_text][\/vc_column_inner][vc_column_inner width=&#8221;1\/2&#8243;][vc_column_text css=&#8221;.vc_custom_1475673778231{padding-bottom: 15px !important;}&#8221;]<img loading=\"lazy\" class=\"size-full wp-image-15793 aligncenter\" src=\"http:\/\/erepcosarl.com\/wp-content\/uploads\/2015\/04\/dsfdfd.jpg\" alt=\"dsfdfd\" width=\"535\" height=\"200\" srcset=\"http:\/\/erepcosarl.com\/wp-content\/uploads\/2015\/04\/dsfdfd.jpg 535w, http:\/\/erepcosarl.com\/wp-content\/uploads\/2015\/04\/dsfdfd-300x112.jpg 300w\" sizes=\"(max-width: 535px) 100vw, 535px\" \/>[\/vc_column_text][vc_column_text]<\/p>\n<h3>ADAPTATION OF SERVICES BY SECTOR OF ACTIVITY<\/h3>\n<p>In their diversity, they cover the entire Senegalese territory and the sub-region. As an integral part of the secondary sector, services have a spillover effect in the primary, tertiary and quaternary sectors:<\/p>\n<p><strong>Primary :<\/strong> Agriculture, livestock, fisheries, hydraulic (dry storage, pumping, lighting)<br \/>\nCommercial: Telecommunication, aerial and underground telephone networks<br \/>\n<strong>Quaternary:<\/strong> Housing, health, education, electrification, construction, delaboratoire installation.<br \/>\n[\/vc_column_text][\/vc_column_inner][\/vc_row_inner][\/vc_column][\/vc_row]<\/p>\n","protected":false},"excerpt":{"rendered":"<p>[vc_row row_type=&#8221;row&#8221; use_row_as_full_screen_section=&#8221;no&#8221; type=&#8221;grid&#8221; angled_section=&#8221;no&#8221; text_align=&#8221;left&#8221; background_image_as_pattern=&#8221;without_pattern&#8221; padding_top=&#8221;30&#8243; padding_bottom=&#8221;60&#8243; css_animation=&#8221;&#8221; css=&#8221;.vc_custom_1475672698052{margin-top: -20px !important;}&#8221;][vc_column offset=&#8221;vc_col-xs-12&#8243;][vc_column_text css=&#8221;.vc_custom_1479968162309{margin-top: -40px !important;}&#8221;] Sp\u00e9cialiste des domaines du g\u00e9nie \u00e9lectrique et de l\u2019\u00e9nergie, \u00a0 Sp\u00e9cialiste des domaines du g\u00e9nie \u00e9lectrique et de l\u2019\u00e9nergie, EREPCO SARL s\u2019associe \u00e0 ses clients industriels, tertiaires et&#8230;<\/p>\n","protected":false},"author":1,"featured_media":0,"parent":0,"menu_order":0,"comment_status":"open","ping_status":"closed","template":"","meta":[],"_links":{"self":[{"href":"http:\/\/erepcosarl.com\/en_US\/wp-json\/wp\/v2\/pages\/15340"}],"collection":[{"href":"http:\/\/erepcosarl.com\/en_US\/wp-json\/wp\/v2\/pages"}],"about":[{"href":"http:\/\/erepcosarl.com\/en_US\/wp-json\/wp\/v2\/types\/page"}],"author":[{"embeddable":true,"href":"http:\/\/erepcosarl.com\/en_US\/wp-json\/wp\/v2\/users\/1"}],"replies":[{"embeddable":true,"href":"http:\/\/erepcosarl.com\/en_US\/wp-json\/wp\/v2\/comments?post=15340"}],"version-history":[{"count":13,"href":"http:\/\/erepcosarl.com\/en_US\/wp-json\/wp\/v2\/pages\/15340\/revisions"}],"predecessor-version":[{"id":15967,"href":"http:\/\/erepcosarl.com\/en_US\/wp-json\/wp\/v2\/pages\/15340\/revisions\/15967"}],"wp:attachment":[{"href":"http:\/\/erepcosarl.com\/en_US\/wp-json\/wp\/v2\/media?parent=15340"}],"curies":[{"name":"wp","href":"https:\/\/api.w.org\/{rel}","templated":true}]}}