{"id":15257,"date":"2015-04-24T09:27:22","date_gmt":"2015-04-24T09:27:22","guid":{"rendered":"http:\/\/demo.qodeinteractive.com\/bridge80\/?page_id=15257"},"modified":"2016-12-29T11:45:08","modified_gmt":"2016-12-29T11:45:08","slug":"home-7","status":"publish","type":"page","link":"http:\/\/erepcosarl.com\/en_US\/","title":{"rendered":"Home"},"content":{"rendered":"<p>[vc_row row_type=&#8221;row&#8221; use_row_as_full_screen_section=&#8221;no&#8221; type=&#8221;grid&#8221; angled_section=&#8221;no&#8221; text_align=&#8221;left&#8221; background_image_as_pattern=&#8221;without_pattern&#8221; padding_top=&#8221;30&#8243; padding_bottom=&#8221;50&#8243; css_animation=&#8221;&#8221; css=&#8221;.vc_custom_1482391847678{margin-top: 10px !important;padding-top: 20px !important;}&#8221;][vc_column width=&#8221;1\/2&#8243;][vc_column_text css=&#8221;.vc_custom_1482391678618{padding-bottom: 20px !important;}&#8221;]<\/p>\n<h3 class=\"about_sm_heading\">Presentation<\/h3>\n<h1 class=\"about_lg_heading\">EREPCO sarl<\/h1>\n<p>[\/vc_column_text][vc_column_text]<\/p>\n<p style=\"text-align: justify;\">Specialist in the fields of electrical engineering and energy, EREPCO SARL partners with its industrial, tertiary and community customers to design and realize their installations. EREPCO relies on a dynamic team of experienced engineers and technicians to develop and implement high-performance solutions that meet the current and future challenges of each of its clients, whether local or international. EREPCO is a major player in the following areas:<\/p>\n<p style=\"text-align: justify;\">1: MV \/ LV equipment<\/p>\n<p style=\"text-align: justify;\">2: Industrial equipment<\/p>\n<p style=\"text-align: justify;\">3: Renewable energy<\/p>\n<p>[\/vc_column_text][\/vc_column][vc_column width=&#8221;1\/2&#8243;][vc_gallery type=&#8221;image_grid&#8221; images=&#8221;15934,15935&#8243; img_size=&#8221;medium&#8221; onclick=&#8221;&#8221; column_number=&#8221;2&#8243; grayscale=&#8221;no&#8221; images_space=&#8221;gallery_with_space&#8221; css=&#8221;.vc_custom_1482904051751{margin-bottom: 10px !important;}&#8221;][vc_gallery type=&#8221;image_grid&#8221; images=&#8221;15937&#8243; img_size=&#8221;medium&#8221; onclick=&#8221;custom_link&#8221; column_number=&#8221;0&#8243; grayscale=&#8221;no&#8221; images_space=&#8221;gallery_without_space&#8221; css=&#8221;.vc_custom_1482904195142{margin-top: -10px !important;}&#8221; el_class=&#8221;my_right_side_image&#8221; custom_links=&#8221;#&#8221;][\/vc_column][\/vc_row][vc_row row_type=&#8221;row&#8221; use_row_as_full_screen_section=&#8221;no&#8221; type=&#8221;grid&#8221; angled_section=&#8221;no&#8221; text_align=&#8221;left&#8221; background_image_as_pattern=&#8221;without_pattern&#8221; background_color=&#8221;#e6e8ea&#8221; padding_top=&#8221;32&#8243; padding_bottom=&#8221;32&#8243; css_animation=&#8221;&#8221;][vc_column][vc_column_text]<\/p>\n<h1 style=\"text-align: center;\">OUR PRINCIPAL CLIENTS<\/h1>\n<h4 style=\"text-align: center;\"><\/h4>\n<p>[\/vc_column_text][vc_separator type=&#8221;normal&#8221;]<div class='qode_carousels_holder clearfix'><div class='qode_carousels'><ul class='slides'><li class='item'><div class=\"carousel_item_holder\"><span class='first_image_holder '><img src=\"http:\/\/erepcosarl.com\/wp-content\/uploads\/2015\/04\/layout_1_26.png\" alt=\"carousel image\" \/><\/span><\/div><\/li><li class='item'><div class=\"carousel_item_holder\"><a href='#' target='_self'><span class='first_image_holder '><img src=\"http:\/\/erepcosarl.com\/wp-content\/uploads\/2015\/04\/layout_1_20.png\" alt=\"carousel image\" \/><\/span><\/a><\/div><\/li><li class='item'><div class=\"carousel_item_holder\"><a href='#' target='_self'><span class='first_image_holder '><img src=\"http:\/\/erepcosarl.com\/wp-content\/uploads\/2015\/04\/layout_1_24.png\" alt=\"carousel image\" \/><\/span><\/a><\/div><\/li><li class='item'><div class=\"carousel_item_holder\"><a href='#' target='_self'><span class='first_image_holder '><img src=\"http:\/\/erepcosarl.com\/wp-content\/uploads\/2015\/04\/layout_1_22.png\" alt=\"carousel image\" \/><\/span><\/a><\/div><\/li><li class='item'><div class=\"carousel_item_holder\"><span class='first_image_holder '><img src=\"http:\/\/erepcosarl.com\/wp-content\/uploads\/2016\/09\/logo_006.jpg\" alt=\"carousel image\" \/><\/span><\/div><\/li><li class='item'><div class=\"carousel_item_holder\"><span class='first_image_holder '><img src=\"http:\/\/erepcosarl.com\/wp-content\/uploads\/2016\/09\/logo_005.jpg\" alt=\"carousel image\" \/><\/span><\/div><\/li><li class='item'><div class=\"carousel_item_holder\"><span class='first_image_holder '><img src=\"http:\/\/erepcosarl.com\/wp-content\/uploads\/2016\/09\/logo_003.jpg\" alt=\"carousel image\" \/><\/span><\/div><\/li><\/ul><\/div><\/div>[\/vc_column][\/vc_row][vc_row row_type=&#8221;row&#8221; use_row_as_full_screen_section=&#8221;no&#8221; type=&#8221;full_width&#8221; angled_section=&#8221;no&#8221; text_align=&#8221;left&#8221; background_image_as_pattern=&#8221;without_pattern&#8221; css_animation=&#8221;&#8221; css=&#8221;.vc_custom_1474611396497{padding-top: 100px !important;padding-bottom: 100px !important;background-color: #ffffff !important;}&#8221;][vc_column][vc_column_text]<\/p>\n<h1 style=\"text-align: center;\">OUR SERVICES<\/h1>\n<h4 style=\"text-align: center;\"><\/h4>\n<p>[\/vc_column_text][vc_row_inner row_type=&#8221;row&#8221; type=&#8221;grid&#8221; text_align=&#8221;left&#8221; css_animation=&#8221;&#8221; css=&#8221;.vc_custom_1474625367233{padding-top: 30px !important;}&#8221;][vc_column_inner width=&#8221;1\/4&#8243;][vc_single_image image=&#8221;15940&#8243; img_size=&#8221;full&#8221; onclick=&#8221;custom_link&#8221; qode_css_animation=&#8221;&#8221; link=&#8221;http:\/\/erepcosarl.com\/nos-competence\/&#8221;][\/vc_column_inner][vc_column_inner width=&#8221;1\/2&#8243; css=&#8221;.vc_custom_1478928865814{padding-top: 35px !important;padding-right: 12px !important;padding-bottom: 44px !important;padding-left: 12px !important;background-image: url(http:\/\/axwebsites.net\/erepco\/wp-content\/uploads\/2015\/04\/layout_1_36.png?id=15452) !important;}&#8221;][vc_column_text]<\/p>\n<h3 style=\"color: #fff; text-align: center;\">RENEWABLE ENERGY PRODUCTION<\/h3>\n<hr width=\"30%\" \/>\n<p style=\"color: #fff; text-align: justify;\">Senegal has set ambitious targets to provide stable energy at the least cost to its population and economic operators. The Poverty Reduction Strategy Paper (PRSP) thus sets 66% (30% in rural areas) the rate of access of households to electricity service in 2015. This growth is part of a policy of environmental preservation and The fight against climate change.<\/p>\n<p><center><a style=\"color: #fff;\" href=\"http:\/\/axwebsites.net\/erepco\/quelques-realisations\/\">Read the full article<\/a><\/center>[\/vc_column_text][\/vc_column_inner][vc_column_inner width=&#8221;1\/4&#8243;][vc_single_image image=&#8221;15941&#8243; img_size=&#8221;full&#8221; onclick=&#8221;custom_link&#8221; qode_css_animation=&#8221;&#8221; link=&#8221;http:\/\/erepcosarl.com\/nos-competence\/&#8221;][\/vc_column_inner][\/vc_row_inner][\/vc_column][\/vc_row]<\/p>\n","protected":false},"excerpt":{"rendered":"<p>[vc_row row_type=&#8221;row&#8221; use_row_as_full_screen_section=&#8221;no&#8221; type=&#8221;grid&#8221; angled_section=&#8221;no&#8221; text_align=&#8221;left&#8221; background_image_as_pattern=&#8221;without_pattern&#8221; padding_top=&#8221;30&#8243; padding_bottom=&#8221;50&#8243; css_animation=&#8221;&#8221; css=&#8221;.vc_custom_1476096816105{margin-top: -10px !important;}&#8221;][vc_column width=&#8221;1\/2&#8243;][vc_column_text css=&#8221;.vc_custom_1474611484645{padding-bottom: 20px !important;}&#8221;] Pr\u00e9sentation EREPCO sarl [\/vc_column_text][vc_column_text] Sp\u00e9cialiste des domaines du g\u00e9nie \u00e9lectrique et de l\u2019\u00e9nergie, EREPCO SARL s\u2019associe \u00e0 ses clients industriels, tertiaires et des collectivit\u00e9s pour concevoir et r\u00e9aliser&#8230;<\/p>\n","protected":false},"author":1,"featured_media":0,"parent":0,"menu_order":0,"comment_status":"open","ping_status":"open","template":"full_width.php","meta":[],"_links":{"self":[{"href":"http:\/\/erepcosarl.com\/en_US\/wp-json\/wp\/v2\/pages\/15257"}],"collection":[{"href":"http:\/\/erepcosarl.com\/en_US\/wp-json\/wp\/v2\/pages"}],"about":[{"href":"http:\/\/erepcosarl.com\/en_US\/wp-json\/wp\/v2\/types\/page"}],"author":[{"embeddable":true,"href":"http:\/\/erepcosarl.com\/en_US\/wp-json\/wp\/v2\/users\/1"}],"replies":[{"embeddable":true,"href":"http:\/\/erepcosarl.com\/en_US\/wp-json\/wp\/v2\/comments?post=15257"}],"version-history":[{"count":38,"href":"http:\/\/erepcosarl.com\/en_US\/wp-json\/wp\/v2\/pages\/15257\/revisions"}],"predecessor-version":[{"id":15978,"href":"http:\/\/erepcosarl.com\/en_US\/wp-json\/wp\/v2\/pages\/15257\/revisions\/15978"}],"wp:attachment":[{"href":"http:\/\/erepcosarl.com\/en_US\/wp-json\/wp\/v2\/media?parent=15257"}],"curies":[{"name":"wp","href":"https:\/\/api.w.org\/{rel}","templated":true}]}}